{"id":17492,"date":"2018-09-11T15:07:40","date_gmt":"2018-09-11T13:07:40","guid":{"rendered":"https:\/\/www.villamariastresa.com\/contatti\/"},"modified":"2024-03-26T12:07:59","modified_gmt":"2024-03-26T11:07:59","slug":"kontakte","status":"publish","type":"page","link":"https:\/\/www.villamariastresa.com\/de\/kontakte\/","title":{"rendered":"Kontakte"},"content":{"rendered":"\t\t<div data-elementor-type=\"wp-post\" data-elementor-id=\"17492\" class=\"elementor elementor-17492 elementor-29\">\n\t\t\t\t\t\t<section class=\"elementor-section elementor-top-section elementor-element elementor-element-10f3748 elementor-section-height-min-height elementor-section-boxed elementor-section-height-default elementor-section-items-middle\" data-id=\"10f3748\" data-element_type=\"section\" data-settings=\"{&quot;background_background&quot;:&quot;classic&quot;,&quot;shape_divider_bottom&quot;:&quot;arrow&quot;,&quot;shape_divider_bottom_negative&quot;:&quot;yes&quot;}\">\n\t\t\t\t\t\t\t<div class=\"elementor-background-overlay\"><\/div>\n\t\t\t\t\t\t<div class=\"elementor-shape elementor-shape-bottom\" data-negative=\"true\">\n\t\t\t<svg xmlns=\"http:\/\/www.w3.org\/2000\/svg\" viewBox=\"0 0 700 10\" preserveAspectRatio=\"none\">\n\t<path class=\"elementor-shape-fill\" d=\"M360 0L350 9.9 340 0 0 0 0 10 700 10 700 0\"\/>\n<\/svg>\t\t<\/div>\n\t\t\t\t\t<div class=\"elementor-container elementor-column-gap-default\">\n\t\t\t\t\t<div class=\"elementor-column elementor-col-100 elementor-top-column elementor-element elementor-element-6e142b64\" data-id=\"6e142b64\" data-element_type=\"column\">\n\t\t\t<div class=\"elementor-widget-wrap elementor-element-populated\">\n\t\t\t\t\t\t<div class=\"elementor-element elementor-element-1c0d97e elementor-widget elementor-widget-heading\" data-id=\"1c0d97e\" data-element_type=\"widget\" data-widget_type=\"heading.default\">\n\t\t\t\t<div class=\"elementor-widget-container\">\n\t\t\t<h6 class=\"elementor-heading-title elementor-size-default\">Kontaktdaten und Kontakte<\/h6>\t\t<\/div>\n\t\t\t\t<\/div>\n\t\t\t\t<div class=\"elementor-element elementor-element-3f37f964 elementor-invisible elementor-widget elementor-widget-heading\" data-id=\"3f37f964\" data-element_type=\"widget\" data-settings=\"{&quot;_animation&quot;:&quot;fadeIn&quot;}\" data-widget_type=\"heading.default\">\n\t\t\t\t<div class=\"elementor-widget-container\">\n\t\t\t<h1 class=\"elementor-heading-title elementor-size-xxl\">villa maria<\/h1>\t\t<\/div>\n\t\t\t\t<\/div>\n\t\t\t\t\t<\/div>\n\t\t<\/div>\n\t\t\t\t\t<\/div>\n\t\t<\/section>\n\t\t\t\t<section class=\"elementor-section elementor-top-section elementor-element elementor-element-72bfcf08 elementor-section-boxed elementor-section-height-default elementor-section-height-default\" data-id=\"72bfcf08\" data-element_type=\"section\">\n\t\t\t\t\t\t<div class=\"elementor-container elementor-column-gap-no\">\n\t\t\t\t\t<div class=\"elementor-column elementor-col-100 elementor-top-column elementor-element elementor-element-2e009ed9\" data-id=\"2e009ed9\" data-element_type=\"column\">\n\t\t\t<div class=\"elementor-widget-wrap elementor-element-populated\">\n\t\t\t\t\t\t<div class=\"elementor-element elementor-element-00dab98 elementor-align-center elementor-icon-list--layout-traditional elementor-list-item-link-full_width elementor-widget elementor-widget-icon-list\" data-id=\"00dab98\" data-element_type=\"widget\" data-widget_type=\"icon-list.default\">\n\t\t\t\t<div class=\"elementor-widget-container\">\n\t\t\t\t\t<ul class=\"elementor-icon-list-items\">\n\t\t\t\t\t\t\t<li class=\"elementor-icon-list-item\">\n\t\t\t\t\t\t\t\t\t\t\t<span class=\"elementor-icon-list-icon\">\n\t\t\t\t\t\t\t<i aria-hidden=\"true\" class=\"fas fa-map-pin\"><\/i>\t\t\t\t\t\t<\/span>\n\t\t\t\t\t\t\t\t\t\t<span class=\"elementor-icon-list-text\">Via Sempione Nord 91\/O - 28838 Stresa<\/span>\n\t\t\t\t\t\t\t\t\t<\/li>\n\t\t\t\t\t\t\t\t<li class=\"elementor-icon-list-item\">\n\t\t\t\t\t\t\t\t\t\t\t<span class=\"elementor-icon-list-icon\">\n\t\t\t\t\t\t\t<i aria-hidden=\"true\" class=\"fas fa-phone-alt\"><\/i>\t\t\t\t\t\t<\/span>\n\t\t\t\t\t\t\t\t\t\t<span class=\"elementor-icon-list-text\">+39 340 0892845<\/span>\n\t\t\t\t\t\t\t\t\t<\/li>\n\t\t\t\t\t\t\t\t<li class=\"elementor-icon-list-item\">\n\t\t\t\t\t\t\t\t\t\t\t<span class=\"elementor-icon-list-icon\">\n\t\t\t\t\t\t\t<i aria-hidden=\"true\" class=\"fas fa-envelope\"><\/i>\t\t\t\t\t\t<\/span>\n\t\t\t\t\t\t\t\t\t\t<span class=\"elementor-icon-list-text\">info@hotelstresa.net<\/span>\n\t\t\t\t\t\t\t\t\t<\/li>\n\t\t\t\t\t\t\t\t<li class=\"elementor-icon-list-item\">\n\t\t\t\t\t\t\t\t\t\t\t<a href=\"https:\/\/www.google.com\/maps\/dir\/\/Villa+Maria,+Via+Sempione+Nord,+26,+28838+Stresa+VB\/@45.8903941,8.5169923,195m\/data=!3m1!1e3!4m8!4m7!1m0!1m5!1m1!1s0x47867581d5100001:0x5dcb97721d9d0c09!2m2!1d8.5175395!2d45.8903941\" target=\"_blank\">\n\n\t\t\t\t\t\t\t\t\t\t\t\t<span class=\"elementor-icon-list-icon\">\n\t\t\t\t\t\t\t<i aria-hidden=\"true\" class=\"fas fa-map-marked-alt\"><\/i>\t\t\t\t\t\t<\/span>\n\t\t\t\t\t\t\t\t\t\t<span class=\"elementor-icon-list-text\">Richtungen<\/span>\n\t\t\t\t\t\t\t\t\t\t\t<\/a>\n\t\t\t\t\t\t\t\t\t<\/li>\n\t\t\t\t\t\t<\/ul>\n\t\t\t\t<\/div>\n\t\t\t\t<\/div>\n\t\t\t\t\t<\/div>\n\t\t<\/div>\n\t\t\t\t\t<\/div>\n\t\t<\/section>\n\t\t\t\t<section class=\"elementor-section elementor-top-section elementor-element elementor-element-613b5d04 elementor-section-boxed elementor-section-height-default elementor-section-height-default\" data-id=\"613b5d04\" data-element_type=\"section\" id=\"info\" data-settings=\"{&quot;background_background&quot;:&quot;classic&quot;}\">\n\t\t\t\t\t\t<div class=\"elementor-container elementor-column-gap-default\">\n\t\t\t\t\t<div class=\"elementor-column elementor-col-100 elementor-top-column elementor-element elementor-element-6605eca\" data-id=\"6605eca\" data-element_type=\"column\">\n\t\t\t<div class=\"elementor-widget-wrap elementor-element-populated\">\n\t\t\t\t\t\t<section class=\"elementor-section elementor-inner-section elementor-element elementor-element-61463fcc elementor-section-boxed elementor-section-height-default elementor-section-height-default\" data-id=\"61463fcc\" data-element_type=\"section\">\n\t\t\t\t\t\t<div class=\"elementor-container elementor-column-gap-default\">\n\t\t\t\t\t<div class=\"elementor-column elementor-col-25 elementor-inner-column elementor-element elementor-element-449947a4\" data-id=\"449947a4\" data-element_type=\"column\">\n\t\t\t<div class=\"elementor-widget-wrap\">\n\t\t\t\t\t\t\t<\/div>\n\t\t<\/div>\n\t\t\t\t<div class=\"elementor-column elementor-col-50 elementor-inner-column elementor-element elementor-element-31096295\" data-id=\"31096295\" data-element_type=\"column\">\n\t\t\t<div class=\"elementor-widget-wrap elementor-element-populated\">\n\t\t\t\t\t\t<div class=\"elementor-element elementor-element-3ed8f77c elementor-widget elementor-widget-heading\" data-id=\"3ed8f77c\" data-element_type=\"widget\" data-widget_type=\"heading.default\">\n\t\t\t\t<div class=\"elementor-widget-container\">\n\t\t\t<h1 class=\"elementor-heading-title elementor-size-xl\">M\u00f6chten Sie in der Villa Maria \u00fcbernachten?<\/h1>\t\t<\/div>\n\t\t\t\t<\/div>\n\t\t\t\t<div class=\"elementor-element elementor-element-7964d587 elementor-widget-divider--view-line elementor-widget elementor-widget-divider\" data-id=\"7964d587\" data-element_type=\"widget\" data-widget_type=\"divider.default\">\n\t\t\t\t<div class=\"elementor-widget-container\">\n\t\t\t\t\t<div class=\"elementor-divider\">\n\t\t\t<span class=\"elementor-divider-separator\">\n\t\t\t\t\t\t<\/span>\n\t\t<\/div>\n\t\t\t\t<\/div>\n\t\t\t\t<\/div>\n\t\t\t\t<div class=\"elementor-element elementor-element-6e8d1234 elementor-widget elementor-widget-text-editor\" data-id=\"6e8d1234\" data-element_type=\"widget\" data-widget_type=\"text-editor.default\">\n\t\t\t\t<div class=\"elementor-widget-container\">\n\t\t\t\t\t\t\t<p>Senden Sie uns Ihre Buchungsanfrage mit Ihre W\u00fcnsche, indem Sie das folgende Formular ausf\u00fcllen. Wir werden uns so schnell wie m\u00f6glich bei Ihnen melden!<\/p>\t\t\t\t\t\t<\/div>\n\t\t\t\t<\/div>\n\t\t\t\t\t<\/div>\n\t\t<\/div>\n\t\t\t\t<div class=\"elementor-column elementor-col-25 elementor-inner-column elementor-element elementor-element-515a4dfa\" data-id=\"515a4dfa\" data-element_type=\"column\">\n\t\t\t<div class=\"elementor-widget-wrap\">\n\t\t\t\t\t\t\t<\/div>\n\t\t<\/div>\n\t\t\t\t\t<\/div>\n\t\t<\/section>\n\t\t\t\t<section class=\"elementor-section elementor-inner-section elementor-element elementor-element-20a211fc elementor-section-boxed elementor-section-height-default elementor-section-height-default\" data-id=\"20a211fc\" data-element_type=\"section\">\n\t\t\t\t\t\t<div class=\"elementor-container elementor-column-gap-default\">\n\t\t\t\t\t<div class=\"elementor-column elementor-col-25 elementor-inner-column elementor-element elementor-element-6ca4933c\" data-id=\"6ca4933c\" data-element_type=\"column\">\n\t\t\t<div class=\"elementor-widget-wrap\">\n\t\t\t\t\t\t\t<\/div>\n\t\t<\/div>\n\t\t\t\t<div class=\"elementor-column elementor-col-50 elementor-inner-column elementor-element elementor-element-5cf00472\" data-id=\"5cf00472\" data-element_type=\"column\">\n\t\t\t<div class=\"elementor-widget-wrap elementor-element-populated\">\n\t\t\t\t\t\t<div class=\"elementor-element elementor-element-7ffc3b16 elementor-invisible elementor-widget elementor-widget-shortcode\" data-id=\"7ffc3b16\" data-element_type=\"widget\" data-settings=\"{&quot;_animation&quot;:&quot;fadeIn&quot;}\" data-widget_type=\"shortcode.default\">\n\t\t\t\t<div class=\"elementor-widget-container\">\n\t\t\t\t\t<div class=\"elementor-shortcode\">\n<div class=\"wpcf7 no-js\" id=\"wpcf7-f17432-o1\" lang=\"en-US\" dir=\"ltr\">\n<div class=\"screen-reader-response\"><p role=\"status\" aria-live=\"polite\" aria-atomic=\"true\"><\/p> <ul><\/ul><\/div>\n<form action=\"\/de\/wp-json\/wp\/v2\/pages\/17492#wpcf7-f17432-o1\" method=\"post\" class=\"wpcf7-form init\" aria-label=\"Contact form\" novalidate=\"novalidate\" data-status=\"init\">\n<div style=\"display: none;\">\n<input type=\"hidden\" name=\"_wpcf7\" value=\"17432\" \/>\n<input type=\"hidden\" name=\"_wpcf7_version\" value=\"5.9.3\" \/>\n<input type=\"hidden\" name=\"_wpcf7_locale\" value=\"en_US\" \/>\n<input type=\"hidden\" name=\"_wpcf7_unit_tag\" value=\"wpcf7-f17432-o1\" \/>\n<input type=\"hidden\" name=\"_wpcf7_container_post\" value=\"0\" \/>\n<input type=\"hidden\" name=\"_wpcf7_posted_data_hash\" value=\"\" \/>\n<input type=\"hidden\" name=\"_wpcf7_recaptcha_response\" value=\"\" \/>\n<\/div>\n<div class=\"row\">\n\t<div class=\"col-sm-6 h-medium-bottom-padding\">\n\t\t<p>Name<br \/>\n<span class=\"wpcf7-form-control-wrap\" data-name=\"nome\"><input size=\"40\" class=\"wpcf7-form-control wpcf7-text wpcf7-validates-as-required\" aria-required=\"true\" aria-invalid=\"false\" placeholder=\"Name\" value=\"\" type=\"text\" name=\"nome\" \/><\/span>\n\t\t<\/p>\n\t<\/div>\n\t<div class=\"col-sm-6 h-medium-bottom-padding\">\n\t\t<p>Surname<br \/>\n<span class=\"wpcf7-form-control-wrap\" data-name=\"cognome\"><input size=\"40\" class=\"wpcf7-form-control wpcf7-text wpcf7-validates-as-required\" aria-required=\"true\" aria-invalid=\"false\" placeholder=\"Surname\" value=\"\" type=\"text\" name=\"cognome\" \/><\/span>\n\t\t<\/p>\n\t<\/div>\n\t<div class=\"col-sm-6 h-medium-bottom-padding\">\n\t\t<p>Email<br \/>\n<span class=\"wpcf7-form-control-wrap\" data-name=\"email\"><input size=\"40\" class=\"wpcf7-form-control wpcf7-email wpcf7-validates-as-required wpcf7-text wpcf7-validates-as-email\" aria-required=\"true\" aria-invalid=\"false\" placeholder=\"Email\" value=\"\" type=\"email\" name=\"email\" \/><\/span>\n\t\t<\/p>\n\t<\/div>\n\t<div class=\"col-sm-6 h-medium-bottom-padding\">\n\t\t<p>Phone<br \/>\n<span class=\"wpcf7-form-control-wrap\" data-name=\"telefono\"><input size=\"40\" class=\"wpcf7-form-control wpcf7-text\" aria-invalid=\"false\" placeholder=\"Phone\" value=\"\" type=\"text\" name=\"telefono\" \/><\/span>\n\t\t<\/p>\n\t<\/div>\n\t<div class=\"col-sm-6 h-medium-bottom-padding\">\n\t\t<p>Type of accommodation<br \/>\n<span class=\"wpcf7-form-control-wrap\" data-name=\"alloggio\"><select class=\"wpcf7-form-control wpcf7-select\" aria-invalid=\"false\" name=\"alloggio\"><option value=\"\">&#8212;Please choose an option&#8212;<\/option><option value=\"Double room with lake view\">Double room with lake view<\/option><option value=\"Junior Suite\">Junior Suite<\/option><\/select><\/span>\n\t\t<\/p>\n\t<\/div>\n\t<div class=\"col-sm-6 h-medium-bottom-padding\">\n\t\t<p>N\u00b0 Guests<br \/>\n<span class=\"wpcf7-form-control-wrap\" data-name=\"ospiti\"><input class=\"wpcf7-form-control wpcf7-number wpcf7-validates-as-number\" min=\"1\" max=\"2\" aria-invalid=\"false\" placeholder=\"N\u00b0 Guests\" value=\"\" type=\"number\" name=\"ospiti\" \/><\/span>\n\t\t<\/p>\n\t<\/div>\n\t<div class=\"col-sm-6 h-medium-bottom-padding\">\n\t\t<p>Check-in date<br \/>\n<span class=\"wpcf7-form-control-wrap\" data-name=\"arrivo\"><input class=\"wpcf7-form-control wpcf7-date wpcf7-validates-as-date\" min=\"2026-05-03\" aria-invalid=\"false\" placeholder=\"Check-in date\" value=\"\" type=\"date\" name=\"arrivo\" \/><\/span>\n\t\t<\/p>\n\t<\/div>\n\t<div class=\"col-sm-6 h-medium-bottom-padding\">\n\t\t<p>Check-out date<br \/>\n<span class=\"wpcf7-form-control-wrap\" data-name=\"partenza\"><input class=\"wpcf7-form-control wpcf7-date wpcf7-validates-as-date\" min=\"2026-05-03\" aria-invalid=\"false\" placeholder=\"Check-out date\" value=\"\" type=\"date\" name=\"partenza\" \/><\/span>\n\t\t<\/p>\n\t<\/div>\n\t<div class=\"col-12 h-medium-bottom-padding\">\n\t\t<p>Requests<br \/>\n<span class=\"wpcf7-form-control-wrap\" data-name=\"messaggio\"><textarea cols=\"40\" rows=\"10\" class=\"wpcf7-form-control wpcf7-textarea\" aria-invalid=\"false\" placeholder=\"Enter any special requests\" name=\"messaggio\"><\/textarea><\/span>\n\t\t<\/p>\n\t<\/div>\n\t<div class=\"col-12\">\n\t\t<p><span class=\"wpcf7-form-control-wrap\" data-name=\"acceptance-98\"><span class=\"wpcf7-form-control wpcf7-acceptance\"><span class=\"wpcf7-list-item\"><input type=\"checkbox\" name=\"acceptance-98\" value=\"1\" aria-invalid=\"false\" \/><\/span><\/span><\/span> I declare to be informed in accordance with current European legislation (EU Regulation 2016\/679) as well as the Italian law (Legislative Decree No. 196\/2003 and subsequent amendments) and to accept the <a href=\"\/privacy-policy.pdf\" target=\"_blank\">privacy policy<\/a>.\n\t\t<\/p>\n\t<\/div>\n\t<div class=\"col-12\">\n\t\t<p><span class=\"wpcf7-form-control-wrap\" data-name=\"acceptance-ds\"><span class=\"wpcf7-form-control wpcf7-acceptance optional\"><span class=\"wpcf7-list-item\"><input type=\"checkbox\" name=\"acceptance-ds\" value=\"1\" aria-invalid=\"false\" \/><\/span><\/span><\/span><br \/>\nI authorize the processing of any sensitive data communicated by me as required by the <a href=\"\/privacy-policy.pdf\" target=\"_blank\">privacy policy<\/a>. In case of failure to express consent to the processing of any data relating to the state of health provided by the user, the Data Controller will only be able to provide the requested services without taking into account the data relating to the state of health provided, because it is not authorized to process them.\n\t\t<\/p>\n\t<\/div>\n\t<div class=\"col-12\">\n\t\t<p><input class=\"wpcf7-form-control wpcf7-submit has-spinner h-fullwidth\" type=\"submit\" value=\"Send\" \/>\n\t\t<\/p>\n\t<\/div>\n<\/div><div class=\"wpcf7-response-output\" aria-hidden=\"true\"><\/div>\n<\/form>\n<\/div>\n<\/div>\n\t\t\t\t<\/div>\n\t\t\t\t<\/div>\n\t\t\t\t\t<\/div>\n\t\t<\/div>\n\t\t\t\t<div class=\"elementor-column elementor-col-25 elementor-inner-column elementor-element elementor-element-2013df7c\" data-id=\"2013df7c\" data-element_type=\"column\">\n\t\t\t<div class=\"elementor-widget-wrap\">\n\t\t\t\t\t\t\t<\/div>\n\t\t<\/div>\n\t\t\t\t\t<\/div>\n\t\t<\/section>\n\t\t\t\t\t<\/div>\n\t\t<\/div>\n\t\t\t\t\t<\/div>\n\t\t<\/section>\n\t\t\t\t<section class=\"elementor-section elementor-top-section elementor-element elementor-element-44b88f9c elementor-section-full_width elementor-section-height-default elementor-section-height-default\" data-id=\"44b88f9c\" data-element_type=\"section\">\n\t\t\t\t\t\t<div class=\"elementor-container elementor-column-gap-no\">\n\t\t\t\t\t<div class=\"elementor-column elementor-col-100 elementor-top-column elementor-element elementor-element-3843abbb\" data-id=\"3843abbb\" data-element_type=\"column\">\n\t\t\t<div class=\"elementor-widget-wrap\">\n\t\t\t\t\t\t\t<\/div>\n\t\t<\/div>\n\t\t\t\t\t<\/div>\n\t\t<\/section>\n\t\t\t\t<\/div>\n\t\t","protected":false},"excerpt":{"rendered":"<p>Kontaktdaten und Kontakte villa maria Via Sempione Nord 91\/O &#8211; 28838 Stresa +39 340 0892845 info@hotelstresa.net Richtungen M\u00f6chten&#8230;<\/p>\n","protected":false},"author":1,"featured_media":0,"parent":0,"menu_order":3,"comment_status":"closed","ping_status":"closed","template":"","meta":{"_acf_changed":false,"footnotes":""},"acf":[],"yoast_head":"<!-- This site is optimized with the Yoast SEO plugin v22.3 - https:\/\/yoast.com\/wordpress\/plugins\/seo\/ -->\n<title>Recapiti Villa Maria a Stresa, camere e suite per vacanze sul Lago Maggiore<\/title>\n<meta name=\"description\" content=\"Vuoi trascorrere la tua vacanza a Stresa a Villa Maria? Utilizza i recapiti presenti nella pagina per metterti in contatto con noi\" \/>\n<meta name=\"robots\" content=\"index, follow, max-snippet:-1, max-image-preview:large, max-video-preview:-1\" \/>\n<link rel=\"canonical\" href=\"https:\/\/www.villamariastresa.com\/de\/kontakte\/\" \/>\n<meta property=\"og:locale\" content=\"de_DE\" \/>\n<meta property=\"og:type\" content=\"article\" \/>\n<meta property=\"og:title\" content=\"Recapiti Villa Maria a Stresa, camere e suite per vacanze sul Lago Maggiore\" \/>\n<meta property=\"og:description\" content=\"Vuoi trascorrere la tua vacanza a Stresa a Villa Maria? Utilizza i recapiti presenti nella pagina per metterti in contatto con noi\" \/>\n<meta property=\"og:url\" content=\"https:\/\/www.villamariastresa.com\/de\/kontakte\/\" \/>\n<meta property=\"og:site_name\" content=\"Villa Maria Stresa\" \/>\n<meta property=\"article:modified_time\" content=\"2024-03-26T11:07:59+00:00\" \/>\n<meta name=\"twitter:card\" content=\"summary_large_image\" \/>\n<meta name=\"twitter:label1\" content=\"Gesch\u00e4tzte Lesezeit\" \/>\n\t<meta name=\"twitter:data1\" content=\"1\u00a0Minute\" \/>\n<script type=\"application\/ld+json\" class=\"yoast-schema-graph\">{\"@context\":\"https:\/\/schema.org\",\"@graph\":[{\"@type\":\"WebPage\",\"@id\":\"https:\/\/www.villamariastresa.com\/de\/kontakte\/\",\"url\":\"https:\/\/www.villamariastresa.com\/de\/kontakte\/\",\"name\":\"Recapiti Villa Maria a Stresa, camere e suite per vacanze sul Lago Maggiore\",\"isPartOf\":{\"@id\":\"https:\/\/www.villamariastresa.com\/de\/#website\"},\"datePublished\":\"2018-09-11T13:07:40+00:00\",\"dateModified\":\"2024-03-26T11:07:59+00:00\",\"description\":\"Vuoi trascorrere la tua vacanza a Stresa a Villa Maria? Utilizza i recapiti presenti nella pagina per metterti in contatto con noi\",\"breadcrumb\":{\"@id\":\"https:\/\/www.villamariastresa.com\/de\/kontakte\/#breadcrumb\"},\"inLanguage\":\"de\",\"potentialAction\":[{\"@type\":\"ReadAction\",\"target\":[\"https:\/\/www.villamariastresa.com\/de\/kontakte\/\"]}]},{\"@type\":\"BreadcrumbList\",\"@id\":\"https:\/\/www.villamariastresa.com\/de\/kontakte\/#breadcrumb\",\"itemListElement\":[{\"@type\":\"ListItem\",\"position\":1,\"name\":\"Home\",\"item\":\"https:\/\/www.villamariastresa.com\/de\/\"},{\"@type\":\"ListItem\",\"position\":2,\"name\":\"Kontakte\"}]},{\"@type\":\"WebSite\",\"@id\":\"https:\/\/www.villamariastresa.com\/de\/#website\",\"url\":\"https:\/\/www.villamariastresa.com\/de\/\",\"name\":\"Villa Maria Stresa\",\"description\":\"\",\"publisher\":{\"@id\":\"https:\/\/www.villamariastresa.com\/de\/#organization\"},\"potentialAction\":[{\"@type\":\"SearchAction\",\"target\":{\"@type\":\"EntryPoint\",\"urlTemplate\":\"https:\/\/www.villamariastresa.com\/de\/?s={search_term_string}\"},\"query-input\":\"required name=search_term_string\"}],\"inLanguage\":\"de\"},{\"@type\":\"Organization\",\"@id\":\"https:\/\/www.villamariastresa.com\/de\/#organization\",\"name\":\"Villa Maria Stresa\",\"url\":\"https:\/\/www.villamariastresa.com\/de\/\",\"logo\":{\"@type\":\"ImageObject\",\"inLanguage\":\"de\",\"@id\":\"https:\/\/www.villamariastresa.com\/de\/#\/schema\/logo\/image\/\",\"url\":\"https:\/\/www.villamariastresa.com\/wp-content\/uploads\/2020\/11\/villa-maria-logo.png\",\"contentUrl\":\"https:\/\/www.villamariastresa.com\/wp-content\/uploads\/2020\/11\/villa-maria-logo.png\",\"width\":732,\"height\":229,\"caption\":\"Villa Maria Stresa\"},\"image\":{\"@id\":\"https:\/\/www.villamariastresa.com\/de\/#\/schema\/logo\/image\/\"}}]}<\/script>\n<!-- \/ Yoast SEO plugin. -->","yoast_head_json":{"title":"Recapiti Villa Maria a Stresa, camere e suite per vacanze sul Lago Maggiore","description":"Vuoi trascorrere la tua vacanza a Stresa a Villa Maria? Utilizza i recapiti presenti nella pagina per metterti in contatto con noi","robots":{"index":"index","follow":"follow","max-snippet":"max-snippet:-1","max-image-preview":"max-image-preview:large","max-video-preview":"max-video-preview:-1"},"canonical":"https:\/\/www.villamariastresa.com\/de\/kontakte\/","og_locale":"de_DE","og_type":"article","og_title":"Recapiti Villa Maria a Stresa, camere e suite per vacanze sul Lago Maggiore","og_description":"Vuoi trascorrere la tua vacanza a Stresa a Villa Maria? Utilizza i recapiti presenti nella pagina per metterti in contatto con noi","og_url":"https:\/\/www.villamariastresa.com\/de\/kontakte\/","og_site_name":"Villa Maria Stresa","article_modified_time":"2024-03-26T11:07:59+00:00","twitter_card":"summary_large_image","twitter_misc":{"Gesch\u00e4tzte Lesezeit":"1\u00a0Minute"},"schema":{"@context":"https:\/\/schema.org","@graph":[{"@type":"WebPage","@id":"https:\/\/www.villamariastresa.com\/de\/kontakte\/","url":"https:\/\/www.villamariastresa.com\/de\/kontakte\/","name":"Recapiti Villa Maria a Stresa, camere e suite per vacanze sul Lago Maggiore","isPartOf":{"@id":"https:\/\/www.villamariastresa.com\/de\/#website"},"datePublished":"2018-09-11T13:07:40+00:00","dateModified":"2024-03-26T11:07:59+00:00","description":"Vuoi trascorrere la tua vacanza a Stresa a Villa Maria? Utilizza i recapiti presenti nella pagina per metterti in contatto con noi","breadcrumb":{"@id":"https:\/\/www.villamariastresa.com\/de\/kontakte\/#breadcrumb"},"inLanguage":"de","potentialAction":[{"@type":"ReadAction","target":["https:\/\/www.villamariastresa.com\/de\/kontakte\/"]}]},{"@type":"BreadcrumbList","@id":"https:\/\/www.villamariastresa.com\/de\/kontakte\/#breadcrumb","itemListElement":[{"@type":"ListItem","position":1,"name":"Home","item":"https:\/\/www.villamariastresa.com\/de\/"},{"@type":"ListItem","position":2,"name":"Kontakte"}]},{"@type":"WebSite","@id":"https:\/\/www.villamariastresa.com\/de\/#website","url":"https:\/\/www.villamariastresa.com\/de\/","name":"Villa Maria Stresa","description":"","publisher":{"@id":"https:\/\/www.villamariastresa.com\/de\/#organization"},"potentialAction":[{"@type":"SearchAction","target":{"@type":"EntryPoint","urlTemplate":"https:\/\/www.villamariastresa.com\/de\/?s={search_term_string}"},"query-input":"required name=search_term_string"}],"inLanguage":"de"},{"@type":"Organization","@id":"https:\/\/www.villamariastresa.com\/de\/#organization","name":"Villa Maria Stresa","url":"https:\/\/www.villamariastresa.com\/de\/","logo":{"@type":"ImageObject","inLanguage":"de","@id":"https:\/\/www.villamariastresa.com\/de\/#\/schema\/logo\/image\/","url":"https:\/\/www.villamariastresa.com\/wp-content\/uploads\/2020\/11\/villa-maria-logo.png","contentUrl":"https:\/\/www.villamariastresa.com\/wp-content\/uploads\/2020\/11\/villa-maria-logo.png","width":732,"height":229,"caption":"Villa Maria Stresa"},"image":{"@id":"https:\/\/www.villamariastresa.com\/de\/#\/schema\/logo\/image\/"}}]}},"_links":{"self":[{"href":"https:\/\/www.villamariastresa.com\/de\/wp-json\/wp\/v2\/pages\/17492"}],"collection":[{"href":"https:\/\/www.villamariastresa.com\/de\/wp-json\/wp\/v2\/pages"}],"about":[{"href":"https:\/\/www.villamariastresa.com\/de\/wp-json\/wp\/v2\/types\/page"}],"author":[{"embeddable":true,"href":"https:\/\/www.villamariastresa.com\/de\/wp-json\/wp\/v2\/users\/1"}],"replies":[{"embeddable":true,"href":"https:\/\/www.villamariastresa.com\/de\/wp-json\/wp\/v2\/comments?post=17492"}],"version-history":[{"count":13,"href":"https:\/\/www.villamariastresa.com\/de\/wp-json\/wp\/v2\/pages\/17492\/revisions"}],"predecessor-version":[{"id":17821,"href":"https:\/\/www.villamariastresa.com\/de\/wp-json\/wp\/v2\/pages\/17492\/revisions\/17821"}],"wp:attachment":[{"href":"https:\/\/www.villamariastresa.com\/de\/wp-json\/wp\/v2\/media?parent=17492"}],"curies":[{"name":"wp","href":"https:\/\/api.w.org\/{rel}","templated":true}]}}